{"id":8,"date":"2021-09-01T13:12:30","date_gmt":"2021-09-01T13:12:30","guid":{"rendered":"https:\/\/wordpress.kneipp-verein-dahn.de\/?page_id=8"},"modified":"2025-09-17T07:47:04","modified_gmt":"2025-09-17T07:47:04","slug":"ueber-uns","status":"publish","type":"page","link":"https:\/\/kneipp-verein-dahn.de\/?page_id=8","title":{"rendered":"\u00dcber uns"},"content":{"rendered":"\n<p>Seit 1981 gibt es unseren Kneipp-Verein in Dahn. Mit viel Herzblut hat die bis 2017 amtierende Vorsitzende, Inge Burkhart, den Verein aufgebaut und Sie, liebe Mitglieder, haben durch die Nutzung der Angebote daf\u00fcr gesorgt, dass wir heute ca. 500 Mitglieder stark sind.<\/p>\n\n\n\n<p>&#8222;Mach mit&#8220; soll unser Motto lauten. Neben den laufenden Angeboten, wollen wir Sie als Mitglied animieren, in unserer Community aktiv zu werden. Eine Idee f\u00fcr gemeinsame Aktivit\u00e4ten? Egal ob Freizeitgestaltung, ein Kochkurs, ein Tanzkurs, eine Wanderung. Gleichgesinnte sollen sich finden k\u00f6nnen. Melden Sie sich. Werden Sie aktiv. Wir warten auf Sie.<\/p>\n\n\n\n<figure class=\"wp-block-image size-large\"><img fetchpriority=\"high\" decoding=\"async\" width=\"1024\" height=\"576\" src=\"https:\/\/kneipp-verein-dahn.de\/wp-content\/uploads\/2025\/09\/Bild-Vorstand-17.09.25-1024x576.jpg\" alt=\"\" class=\"wp-image-454\" srcset=\"https:\/\/kneipp-verein-dahn.de\/wp-content\/uploads\/2025\/09\/Bild-Vorstand-17.09.25-1024x576.jpg 1024w, https:\/\/kneipp-verein-dahn.de\/wp-content\/uploads\/2025\/09\/Bild-Vorstand-17.09.25-300x169.jpg 300w, https:\/\/kneipp-verein-dahn.de\/wp-content\/uploads\/2025\/09\/Bild-Vorstand-17.09.25-768x432.jpg 768w, https:\/\/kneipp-verein-dahn.de\/wp-content\/uploads\/2025\/09\/Bild-Vorstand-17.09.25-1536x864.jpg 1536w, https:\/\/kneipp-verein-dahn.de\/wp-content\/uploads\/2025\/09\/Bild-Vorstand-17.09.25-1568x882.jpg 1568w, https:\/\/kneipp-verein-dahn.de\/wp-content\/uploads\/2025\/09\/Bild-Vorstand-17.09.25.jpg 1600w\" sizes=\"(max-width: 1024px) 100vw, 1024px\" \/><\/figure>\n\n\n\n<p>Unser aktueller Vorstand und Beirat (von links)<\/p>\n\n\n\n<p>Susanne Kiefer (Beirat), Bettina M\u00fcller (Schriftf\u00fchrerin), Johanna Erhardt (2. Vorsitzende), Ingrid Barth (Beirat), Cornelia Bambey (Schatzmeister), Meike Hartmann (1. Vorsitzende), Alfons Biehn (Beirat), Pia Burkhart (Beirat), Tanja Schied (Beirat)<\/p>\n\n\n\n<p><\/p>\n\n\n\n<p><\/p>\n\n\n\n<p><\/p>\n\n\n\n<p style=\"line-height:1\"><\/p>\n\n\n\n<p><\/p>\n","protected":false},"excerpt":{"rendered":"<p>Seit 1981 gibt es unseren Kneipp-Verein in Dahn. Mit viel Herzblut hat die bis 2017 amtierende Vorsitzende, Inge Burkhart, den Verein aufgebaut und Sie, liebe Mitglieder, haben durch die Nutzung der Angebote daf\u00fcr gesorgt, dass wir heute ca. 500 Mitglieder stark sind. &#8222;Mach mit&#8220; soll unser Motto lauten. Neben den laufenden Angeboten, wollen wir Sie&hellip; <a class=\"more-link\" href=\"https:\/\/kneipp-verein-dahn.de\/?page_id=8\"><span class=\"screen-reader-text\">\u00dcber uns<\/span> weiterlesen<\/a><\/p>\n","protected":false},"author":2,"featured_media":0,"parent":0,"menu_order":0,"comment_status":"closed","ping_status":"closed","template":"","meta":{"footnotes":""},"class_list":["post-8","page","type-page","status-publish","hentry","entry"],"_links":{"self":[{"href":"https:\/\/kneipp-verein-dahn.de\/index.php?rest_route=\/wp\/v2\/pages\/8","targetHints":{"allow":["GET"]}}],"collection":[{"href":"https:\/\/kneipp-verein-dahn.de\/index.php?rest_route=\/wp\/v2\/pages"}],"about":[{"href":"https:\/\/kneipp-verein-dahn.de\/index.php?rest_route=\/wp\/v2\/types\/page"}],"author":[{"embeddable":true,"href":"https:\/\/kneipp-verein-dahn.de\/index.php?rest_route=\/wp\/v2\/users\/2"}],"replies":[{"embeddable":true,"href":"https:\/\/kneipp-verein-dahn.de\/index.php?rest_route=%2Fwp%2Fv2%2Fcomments&post=8"}],"version-history":[{"count":13,"href":"https:\/\/kneipp-verein-dahn.de\/index.php?rest_route=\/wp\/v2\/pages\/8\/revisions"}],"predecessor-version":[{"id":459,"href":"https:\/\/kneipp-verein-dahn.de\/index.php?rest_route=\/wp\/v2\/pages\/8\/revisions\/459"}],"wp:attachment":[{"href":"https:\/\/kneipp-verein-dahn.de\/index.php?rest_route=%2Fwp%2Fv2%2Fmedia&parent=8"}],"curies":[{"name":"wp","href":"https:\/\/api.w.org\/{rel}","templated":true}]}}