{"id":17,"date":"2021-09-01T13:12:30","date_gmt":"2021-09-01T13:12:30","guid":{"rendered":"https:\/\/wordpress.kneipp-verein-dahn.de\/?page_id=17"},"modified":"2025-07-03T14:32:36","modified_gmt":"2025-07-03T14:32:36","slug":"ernaehrung","status":"publish","type":"page","link":"https:\/\/kneipp-verein-dahn.de\/?page_id=17","title":{"rendered":"Ern\u00e4hrung"},"content":{"rendered":"\n<div class=\"wp-block-columns is-layout-flex wp-container-core-columns-is-layout-9d6595d7 wp-block-columns-is-layout-flex\">\n<div class=\"wp-block-column is-layout-flow wp-block-column-is-layout-flow\" style=\"flex-basis:50%\">\n<figure class=\"wp-block-image size-full is-resized\"><img decoding=\"async\" src=\"https:\/\/kneipp-verein-dahn.de\/wp-content\/uploads\/2023\/12\/Ernaehrung_mit_Schrift-2.jpg\" alt=\"\" class=\"wp-image-342\" width=\"192\" height=\"192\" srcset=\"https:\/\/kneipp-verein-dahn.de\/wp-content\/uploads\/2023\/12\/Ernaehrung_mit_Schrift-2.jpg 400w, https:\/\/kneipp-verein-dahn.de\/wp-content\/uploads\/2023\/12\/Ernaehrung_mit_Schrift-2-300x300.jpg 300w, https:\/\/kneipp-verein-dahn.de\/wp-content\/uploads\/2023\/12\/Ernaehrung_mit_Schrift-2-150x150.jpg 150w\" sizes=\"(max-width: 192px) 100vw, 192px\" \/><\/figure>\n<\/div>\n\n\n\n<div class=\"wp-block-column is-layout-flow wp-block-column-is-layout-flow\" style=\"flex-basis:50%\">\n<figure class=\"wp-block-image size-full is-resized\"><img decoding=\"async\" src=\"https:\/\/wordpress.kneipp-verein-dahn.de\/wp-content\/uploads\/2021\/09\/csm_Ernaehrung_2__c__Schweizer_Kneippverband_200eec20e5-2.jpg\" alt=\"\" class=\"wp-image-142\" width=\"127\" height=\"190\" srcset=\"https:\/\/kneipp-verein-dahn.de\/wp-content\/uploads\/2021\/09\/csm_Ernaehrung_2__c__Schweizer_Kneippverband_200eec20e5-2.jpg 300w, https:\/\/kneipp-verein-dahn.de\/wp-content\/uploads\/2021\/09\/csm_Ernaehrung_2__c__Schweizer_Kneippverband_200eec20e5-2-200x300.jpg 200w\" sizes=\"(max-width: 127px) 100vw, 127px\" \/><\/figure>\n<\/div>\n<\/div>\n\n\n\n<div class=\"wp-block-columns is-layout-flex wp-container-core-columns-is-layout-9d6595d7 wp-block-columns-is-layout-flex\">\n<div class=\"wp-block-column is-layout-flow wp-block-column-is-layout-flow\" style=\"flex-basis:100%\">\n<h2 class=\"wp-block-heading\">&#8222;Die Nahrung ist nur dann zutr\u00e4glich und gesund, wenn sie der Natur des Menschen zutr\u00e4glich ist und von ihr verarbeitet wird.&#8220; <\/h2>\n\n\n\n<h2 class=\"wp-block-heading\"><sub><em>Sebastian Kneipp<\/em><\/sub><\/h2>\n\n\n\n<p>Jedes Jahr im Fr\u00fchjahr bieten wir eine begleitete Fastenwoche an.<\/p>\n<\/div>\n<\/div>\n\n\n\n<p><\/p>\n","protected":false},"excerpt":{"rendered":"<p>&#8222;Die Nahrung ist nur dann zutr\u00e4glich und gesund, wenn sie der Natur des Menschen zutr\u00e4glich ist und von ihr verarbeitet wird.&#8220; Sebastian Kneipp Jedes Jahr im Fr\u00fchjahr bieten wir eine begleitete Fastenwoche an.<\/p>\n","protected":false},"author":2,"featured_media":0,"parent":96,"menu_order":0,"comment_status":"closed","ping_status":"closed","template":"","meta":{"footnotes":""},"class_list":["post-17","page","type-page","status-publish","hentry","entry"],"_links":{"self":[{"href":"https:\/\/kneipp-verein-dahn.de\/index.php?rest_route=\/wp\/v2\/pages\/17","targetHints":{"allow":["GET"]}}],"collection":[{"href":"https:\/\/kneipp-verein-dahn.de\/index.php?rest_route=\/wp\/v2\/pages"}],"about":[{"href":"https:\/\/kneipp-verein-dahn.de\/index.php?rest_route=\/wp\/v2\/types\/page"}],"author":[{"embeddable":true,"href":"https:\/\/kneipp-verein-dahn.de\/index.php?rest_route=\/wp\/v2\/users\/2"}],"replies":[{"embeddable":true,"href":"https:\/\/kneipp-verein-dahn.de\/index.php?rest_route=%2Fwp%2Fv2%2Fcomments&post=17"}],"version-history":[{"count":4,"href":"https:\/\/kneipp-verein-dahn.de\/index.php?rest_route=\/wp\/v2\/pages\/17\/revisions"}],"predecessor-version":[{"id":438,"href":"https:\/\/kneipp-verein-dahn.de\/index.php?rest_route=\/wp\/v2\/pages\/17\/revisions\/438"}],"up":[{"embeddable":true,"href":"https:\/\/kneipp-verein-dahn.de\/index.php?rest_route=\/wp\/v2\/pages\/96"}],"wp:attachment":[{"href":"https:\/\/kneipp-verein-dahn.de\/index.php?rest_route=%2Fwp%2Fv2%2Fmedia&parent=17"}],"curies":[{"name":"wp","href":"https:\/\/api.w.org\/{rel}","templated":true}]}}