{"id":16,"date":"2021-09-01T13:12:30","date_gmt":"2021-09-01T13:12:30","guid":{"rendered":"https:\/\/wordpress.kneipp-verein-dahn.de\/?page_id=16"},"modified":"2025-07-03T14:31:55","modified_gmt":"2025-07-03T14:31:55","slug":"lebensordnung","status":"publish","type":"page","link":"https:\/\/kneipp-verein-dahn.de\/?page_id=16","title":{"rendered":"Lebensordnung"},"content":{"rendered":"\n<div class=\"wp-block-columns is-layout-flex wp-container-core-columns-is-layout-9d6595d7 wp-block-columns-is-layout-flex\">\n<div class=\"wp-block-column is-layout-flow wp-block-column-is-layout-flow\" style=\"flex-basis:100%\">\n<div class=\"wp-block-columns is-layout-flex wp-container-core-columns-is-layout-9d6595d7 wp-block-columns-is-layout-flex\">\n<div class=\"wp-block-column is-layout-flow wp-block-column-is-layout-flow\" style=\"flex-basis:50%\">\n<figure class=\"wp-block-image size-full is-resized\"><img decoding=\"async\" src=\"https:\/\/kneipp-verein-dahn.de\/wp-content\/uploads\/2023\/12\/Lebensordnung_mit_Schrift-2.jpg\" alt=\"\" class=\"wp-image-344\" width=\"195\" height=\"195\"\/><\/figure>\n<\/div>\n\n\n\n<div class=\"wp-block-column is-layout-flow wp-block-column-is-layout-flow\" style=\"flex-basis:50%\">\n<figure class=\"wp-block-image size-full is-resized\"><img decoding=\"async\" src=\"https:\/\/wordpress.kneipp-verein-dahn.de\/wp-content\/uploads\/2021\/09\/csm_Lebensordnung_5_2f98adf5c4.jpg\" alt=\"\" class=\"wp-image-151\" width=\"148\" height=\"197\" srcset=\"https:\/\/kneipp-verein-dahn.de\/wp-content\/uploads\/2021\/09\/csm_Lebensordnung_5_2f98adf5c4.jpg 300w, https:\/\/kneipp-verein-dahn.de\/wp-content\/uploads\/2021\/09\/csm_Lebensordnung_5_2f98adf5c4-225x300.jpg 225w\" sizes=\"(max-width: 148px) 100vw, 148px\" \/><\/figure>\n<\/div>\n<\/div>\n<\/div>\n<\/div>\n\n\n\n<h2 class=\"wp-block-heading\">&#8222;Im Ma\u00dfe liegt die Ordnung, jedes Zuviel und jedes Zuwenig setzt an Stelle der Gesundheit Krankheit.&#8220;<\/h2>\n\n\n\n<p><em>Sebastian Kneipp<\/em><\/p>\n\n\n\n<p>Das Ziel der kneippschen Lehre ist es, ein inneres Gef\u00fchl der Balance zu erreichen, was sich auf Ihre mentale, k\u00f6rperliche und emotionale Gesundheit auswirkt. Unsere Angebote helfen Ihnen dabei. Auch die Gemeinschaft wird in unserem Verein gepflegt. Achten Sie auf unsere Angebote im Terminplan. St\u00e4dte- und Kulturreisen fanden in der Vergangenheit regelm\u00e4\u00dfig statt. <\/p>\n\n\n\n<p><\/p>\n\n\n\n<p><\/p>\n","protected":false},"excerpt":{"rendered":"<p>&#8222;Im Ma\u00dfe liegt die Ordnung, jedes Zuviel und jedes Zuwenig setzt an Stelle der Gesundheit Krankheit.&#8220; Sebastian Kneipp Das Ziel der kneippschen Lehre ist es, ein inneres Gef\u00fchl der Balance zu erreichen, was sich auf Ihre mentale, k\u00f6rperliche und emotionale Gesundheit auswirkt. Unsere Angebote helfen Ihnen dabei. Auch die Gemeinschaft wird in unserem Verein gepflegt.&hellip; <a class=\"more-link\" href=\"https:\/\/kneipp-verein-dahn.de\/?page_id=16\"><span class=\"screen-reader-text\">Lebensordnung<\/span> weiterlesen<\/a><\/p>\n","protected":false},"author":2,"featured_media":0,"parent":96,"menu_order":0,"comment_status":"closed","ping_status":"closed","template":"","meta":{"footnotes":""},"class_list":["post-16","page","type-page","status-publish","hentry","entry"],"_links":{"self":[{"href":"https:\/\/kneipp-verein-dahn.de\/index.php?rest_route=\/wp\/v2\/pages\/16","targetHints":{"allow":["GET"]}}],"collection":[{"href":"https:\/\/kneipp-verein-dahn.de\/index.php?rest_route=\/wp\/v2\/pages"}],"about":[{"href":"https:\/\/kneipp-verein-dahn.de\/index.php?rest_route=\/wp\/v2\/types\/page"}],"author":[{"embeddable":true,"href":"https:\/\/kneipp-verein-dahn.de\/index.php?rest_route=\/wp\/v2\/users\/2"}],"replies":[{"embeddable":true,"href":"https:\/\/kneipp-verein-dahn.de\/index.php?rest_route=%2Fwp%2Fv2%2Fcomments&post=16"}],"version-history":[{"count":5,"href":"https:\/\/kneipp-verein-dahn.de\/index.php?rest_route=\/wp\/v2\/pages\/16\/revisions"}],"predecessor-version":[{"id":437,"href":"https:\/\/kneipp-verein-dahn.de\/index.php?rest_route=\/wp\/v2\/pages\/16\/revisions\/437"}],"up":[{"embeddable":true,"href":"https:\/\/kneipp-verein-dahn.de\/index.php?rest_route=\/wp\/v2\/pages\/96"}],"wp:attachment":[{"href":"https:\/\/kneipp-verein-dahn.de\/index.php?rest_route=%2Fwp%2Fv2%2Fmedia&parent=16"}],"curies":[{"name":"wp","href":"https:\/\/api.w.org\/{rel}","templated":true}]}}