{"id":14,"date":"2021-09-01T13:12:30","date_gmt":"2021-09-01T13:12:30","guid":{"rendered":"https:\/\/wordpress.kneipp-verein-dahn.de\/?page_id=14"},"modified":"2025-07-03T14:33:50","modified_gmt":"2025-07-03T14:33:50","slug":"wasser","status":"publish","type":"page","link":"https:\/\/kneipp-verein-dahn.de\/?page_id=14","title":{"rendered":"Wasser"},"content":{"rendered":"\n<div class=\"wp-block-image\"><figure class=\"alignleft size-full is-resized\"><img decoding=\"async\" src=\"https:\/\/kneipp-verein-dahn.de\/wp-content\/uploads\/2023\/12\/Wasser_mit_Schrift_2.jpg\" alt=\"\" class=\"wp-image-345\" width=\"190\" height=\"190\" srcset=\"https:\/\/kneipp-verein-dahn.de\/wp-content\/uploads\/2023\/12\/Wasser_mit_Schrift_2.jpg 400w, https:\/\/kneipp-verein-dahn.de\/wp-content\/uploads\/2023\/12\/Wasser_mit_Schrift_2-300x300.jpg 300w, https:\/\/kneipp-verein-dahn.de\/wp-content\/uploads\/2023\/12\/Wasser_mit_Schrift_2-150x150.jpg 150w\" sizes=\"(max-width: 190px) 100vw, 190px\" \/><\/figure><\/div>\n\n\n\n<figure class=\"wp-block-image size-full\"><img fetchpriority=\"high\" decoding=\"async\" width=\"300\" height=\"200\" src=\"https:\/\/wordpress.kneipp-verein-dahn.de\/wp-content\/uploads\/2021\/09\/csm_Wassertreten_5_d3d58b4762.jpg\" alt=\"\" class=\"wp-image-117\"\/><\/figure>\n\n\n\n<h2 class=\"wp-block-heading\">&#8222;Ich glaube, dass ich kein Heilmittel anf\u00fchren kann, das sicherer heilt als das Wasser,&#8220; <sub><em>Sebastian Kneipp<\/em><\/sub><\/h2>\n\n\n\n<p><\/p>\n\n\n\n<div class=\"wp-block-group\"><div class=\"wp-block-group__inner-container is-layout-flow wp-block-group-is-layout-flow\">\n<div class=\"wp-block-columns is-layout-flex wp-container-core-columns-is-layout-9d6595d7 wp-block-columns-is-layout-flex\">\n<div class=\"wp-block-column is-layout-flow wp-block-column-is-layout-flow\" style=\"flex-basis:100%\">\n<p class=\"has-text-align-center has-large-font-size\"><strong>Besuchen Sie Wassertretanlagen und Armbecken im Dahner Felsenland <\/strong><\/p>\n<\/div>\n<\/div>\n<\/div><\/div>\n\n\n\n<h2 class=\"wp-block-heading\">Wassertretanlagen<\/h2>\n\n\n\n<ul class=\"wp-block-list\"><li>Dahn, Im Gerstelpark<\/li><li>Dahn, Schillerstra\u00dfe<\/li><li>Bruchweiler-B\u00e4renbach, Talstra\u00dfe am Radweg Richtung Busenberg<\/li><li>Erfweiler, In den Gro\u00dfwiesen<\/li><li>Fischbach, Spie\u00dfwoogtal<\/li><li>Rumbach, Parkanlage Heuwiesen<\/li><li>Sch\u00f6nau, in der Heilsbach<\/li><li>Ludwigswinkel, Birkenfeld<\/li><\/ul>\n\n\n\n<h2 class=\"wp-block-heading\">Armbecken<\/h2>\n\n\n\n<ul class=\"wp-block-list\"><li>Dahn, Im Kurpark<\/li><li>Dahn, Schillerstra\u00dfe<\/li><li>Dahn, Gerstelpark<\/li><li>Bundenthal, Brunnen Finsternheimer Stra\u00dfe<\/li><li>Bundenthal, Ecke Friedhofstra\u00dfe<\/li><li>Bundenthal, Brunnen in der Kirchstra\u00dfe<\/li><li>Busenberg, Brunnen am Dorfplatz<\/li><li>Busenberg, Brunnen am Lindenplatz<\/li><li>Erfweiler, In den Gro\u00dfwiesen<\/li><li>Erlenbach, Brunnen in der Hauptstra\u00dfe<\/li><li>Ludwigswinkel, mehrere Quellwasserbrunnen im Ort<\/li><li>Niederschlettenbach, Brunnen in der Ortsmitte<\/li><li>Rumbach, Parkanlage Heuwiesen<\/li><li>Sch\u00f6nau, Brunnen in der Hauptstra\u00dfe<\/li><li>Sch\u00f6nau, Brunnen in der Geb\u00fcger Stra\u00dfe<\/li><\/ul>\n","protected":false},"excerpt":{"rendered":"<p>&#8222;Ich glaube, dass ich kein Heilmittel anf\u00fchren kann, das sicherer heilt als das Wasser,&#8220; Sebastian Kneipp Besuchen Sie Wassertretanlagen und Armbecken im Dahner Felsenland Wassertretanlagen Dahn, Im Gerstelpark Dahn, Schillerstra\u00dfe Bruchweiler-B\u00e4renbach, Talstra\u00dfe am Radweg Richtung Busenberg Erfweiler, In den Gro\u00dfwiesen Fischbach, Spie\u00dfwoogtal Rumbach, Parkanlage Heuwiesen Sch\u00f6nau, in der Heilsbach Ludwigswinkel, Birkenfeld Armbecken Dahn, Im Kurpark&hellip; <a class=\"more-link\" href=\"https:\/\/kneipp-verein-dahn.de\/?page_id=14\"><span class=\"screen-reader-text\">Wasser<\/span> weiterlesen<\/a><\/p>\n","protected":false},"author":2,"featured_media":0,"parent":96,"menu_order":0,"comment_status":"closed","ping_status":"closed","template":"","meta":{"footnotes":""},"class_list":["post-14","page","type-page","status-publish","hentry","entry"],"_links":{"self":[{"href":"https:\/\/kneipp-verein-dahn.de\/index.php?rest_route=\/wp\/v2\/pages\/14","targetHints":{"allow":["GET"]}}],"collection":[{"href":"https:\/\/kneipp-verein-dahn.de\/index.php?rest_route=\/wp\/v2\/pages"}],"about":[{"href":"https:\/\/kneipp-verein-dahn.de\/index.php?rest_route=\/wp\/v2\/types\/page"}],"author":[{"embeddable":true,"href":"https:\/\/kneipp-verein-dahn.de\/index.php?rest_route=\/wp\/v2\/users\/2"}],"replies":[{"embeddable":true,"href":"https:\/\/kneipp-verein-dahn.de\/index.php?rest_route=%2Fwp%2Fv2%2Fcomments&post=14"}],"version-history":[{"count":9,"href":"https:\/\/kneipp-verein-dahn.de\/index.php?rest_route=\/wp\/v2\/pages\/14\/revisions"}],"predecessor-version":[{"id":440,"href":"https:\/\/kneipp-verein-dahn.de\/index.php?rest_route=\/wp\/v2\/pages\/14\/revisions\/440"}],"up":[{"embeddable":true,"href":"https:\/\/kneipp-verein-dahn.de\/index.php?rest_route=\/wp\/v2\/pages\/96"}],"wp:attachment":[{"href":"https:\/\/kneipp-verein-dahn.de\/index.php?rest_route=%2Fwp%2Fv2%2Fmedia&parent=14"}],"curies":[{"name":"wp","href":"https:\/\/api.w.org\/{rel}","templated":true}]}}